{"id":7737,"date":"2021-09-24T13:24:39","date_gmt":"2021-09-24T13:24:39","guid":{"rendered":"https:\/\/parmatam.com\/werkingsprincipe\/"},"modified":"2023-05-10T13:49:47","modified_gmt":"2023-05-10T13:49:47","slug":"principe-de-fonctionnement","status":"publish","type":"page","link":"https:\/\/parmatam.com\/fr\/principe-de-fonctionnement\/","title":{"rendered":"Principe de fonctionnement"},"content":{"rendered":"\t\t<div data-elementor-type=\"wp-page\" data-elementor-id=\"7737\" class=\"elementor elementor-7737 elementor-4988\" data-elementor-post-type=\"page\">\n\t\t\t\t\t\t<section class=\"elementor-section elementor-top-section elementor-element elementor-element-5b9cd94 elementor-section-content-middle elementor-section-boxed elementor-section-height-default elementor-section-height-default\" data-id=\"5b9cd94\" data-element_type=\"section\" data-settings=\"{&quot;background_background&quot;:&quot;classic&quot;,&quot;animation&quot;:&quot;none&quot;}\">\n\t\t\t\t\t\t<div class=\"elementor-container elementor-column-gap-extended\">\n\t\t\t\t\t<div class=\"elementor-column elementor-col-50 elementor-top-column elementor-element elementor-element-bd4ccaf ot-flex-column-vertical\" data-id=\"bd4ccaf\" data-element_type=\"column\">\n\t\t\t<div class=\"elementor-widget-wrap elementor-element-populated\">\n\t\t\t\t\t\t<div class=\"elementor-element elementor-element-51371c7 elementor-widget elementor-widget-image-carousel\" data-id=\"51371c7\" data-element_type=\"widget\" data-settings=\"{&quot;slides_to_show&quot;:&quot;1&quot;,&quot;navigation&quot;:&quot;none&quot;,&quot;autoplay_speed&quot;:3000,&quot;autoplay&quot;:&quot;yes&quot;,&quot;pause_on_hover&quot;:&quot;yes&quot;,&quot;pause_on_interaction&quot;:&quot;yes&quot;,&quot;infinite&quot;:&quot;yes&quot;,&quot;effect&quot;:&quot;slide&quot;,&quot;speed&quot;:500}\" data-widget_type=\"image-carousel.default\">\n\t\t\t\t<div class=\"elementor-widget-container\">\n\t\t\t\t\t<div class=\"elementor-image-carousel-wrapper swiper\" dir=\"ltr\">\n\t\t\t<div class=\"elementor-image-carousel swiper-wrapper\" aria-live=\"off\">\n\t\t\t\t\t\t\t\t<div class=\"swiper-slide\" role=\"group\" aria-roledescription=\"slide\" aria-label=\"1 of 2\"><figure class=\"swiper-slide-inner\"><img decoding=\"async\" class=\"swiper-slide-image\" src=\"https:\/\/parmatam.com\/wp-content\/uploads\/2023\/04\/4-01.png\" alt=\"4-01\" \/><\/figure><\/div><div class=\"swiper-slide\" role=\"group\" aria-roledescription=\"slide\" aria-label=\"2 of 2\"><figure class=\"swiper-slide-inner\"><img decoding=\"async\" class=\"swiper-slide-image\" src=\"https:\/\/parmatam.com\/wp-content\/uploads\/2023\/04\/4-02.png\" alt=\"4-02\" \/><\/figure><\/div>\t\t\t<\/div>\n\t\t\t\t\t\t\t\n\t\t\t\t\t\t\t\t\t<\/div>\n\t\t\t\t<\/div>\n\t\t\t\t<\/div>\n\t\t\t\t\t<\/div>\n\t\t<\/div>\n\t\t\t\t<div class=\"elementor-column elementor-col-50 elementor-top-column elementor-element elementor-element-209a6b5 ot-column-items-center ot-flex-column-vertical\" data-id=\"209a6b5\" data-element_type=\"column\">\n\t\t\t<div class=\"elementor-widget-wrap elementor-element-populated\">\n\t\t\t\t\t\t<div class=\"elementor-element elementor-element-8b77c93 elementor-widget elementor-widget-iheading\" data-id=\"8b77c93\" data-element_type=\"widget\" data-widget_type=\"iheading.default\">\n\t\t\t\t<div class=\"elementor-widget-container\">\n\t\t\t\t\t<div class=\"ot-heading left-align\">\r\n\t\t\t\r\n\t\t\t\t\r\n\r\n\t        \t            <h1 class=\"sub-heading\"><span>Principe de fonctionnement<\/span><\/h1>\r\n\t         \r\n\r\n\t        \t        \t<h2 class=\"main-heading\">\u00c9conomies d'\u00e9nergie & efficacit\u00e9<\/h2>\r\n\t        \t    <\/div>\r\n\t    \t\t<\/div>\n\t\t\t\t<\/div>\n\t\t\t\t<div class=\"elementor-element elementor-element-7e6eada elementor-widget elementor-widget-text-editor\" data-id=\"7e6eada\" data-element_type=\"widget\" data-widget_type=\"text-editor.default\">\n\t\t\t\t<div class=\"elementor-widget-container\">\n\t\t\t\t\t\t\t<p><span style=\"font-weight: 400;\">Lorsque le <\/span><b>bois<\/b><span style=\"font-weight: 400;\"> ou une <\/span><b>culture<\/b><span style=\"font-weight: 400;\"> est r\u00e9colt\u00e9, il contient beaucoup d&rsquo;humidit\u00e9. Dans ce dernier cas, pensez aux <\/span><b>prunes<\/b><span style=\"font-weight: 400;\">, aux piments, aux <\/span><b>poivrons<\/b><span style=\"font-weight: 400;\"> ou aux tomates. Le s\u00e9chage naturel par le vent \u00e9tant souvent <\/span><b>trop lent<\/b><span style=\"font-weight: 400;\">, c&rsquo;est pour cela que nous avons d\u00e9velopp\u00e9 un <\/span><b>syst\u00e8me de s\u00e9chage efficace<\/b><span style=\"font-weight: 400;\"> chez SA Parmatam. Nous respectons <\/span><b>l&rsquo;environnement<\/b><span style=\"font-weight: 400;\"> et le produit \u00e0 s\u00e9cher en cr\u00e9ant un <\/span><b>climat optimal<\/b><span style=\"font-weight: 400;\"> et en utilisant <\/span><b>le moins d&rsquo;\u00e9nergie possible<\/b><span style=\"font-weight: 400;\">.<\/span><\/p>\n\t\t\t\t\t\t<\/div>\n\t\t\t\t<\/div>\n\t\t\t\t<div class=\"elementor-element elementor-element-5c0adcc elementor-widget elementor-widget-ibutton\" data-id=\"5c0adcc\" data-element_type=\"widget\" data-widget_type=\"ibutton.default\">\n\t\t\t\t<div class=\"elementor-widget-container\">\n\t\t\t\t\t<div class=\"ot-button\">\r\n\t\t\t<a href=\"\/fr\/contact\/\" class=\"octf-btn octf-btn-primary octf-btn-icon\"><span>Contactez-nous <i class=\"flaticon-right-arrow-1\"><\/i><\/span> \r\n\t\t\t\t\t\t\t<\/a>\r\n\t    <\/div>\r\n\t    \t\t<\/div>\n\t\t\t\t<\/div>\n\t\t\t\t\t<\/div>\n\t\t<\/div>\n\t\t\t\t\t<\/div>\n\t\t<\/section>\n\t\t\t\t<section class=\"elementor-section elementor-top-section elementor-element elementor-element-9351067 elementor-section-boxed elementor-section-height-default elementor-section-height-default\" data-id=\"9351067\" data-element_type=\"section\" data-settings=\"{&quot;animation&quot;:&quot;none&quot;,&quot;background_background&quot;:&quot;classic&quot;}\">\n\t\t\t\t\t\t<div class=\"elementor-container elementor-column-gap-default\">\n\t\t\t\t\t<div class=\"elementor-column elementor-col-100 elementor-top-column elementor-element elementor-element-19cb273 ot-flex-column-vertical\" data-id=\"19cb273\" data-element_type=\"column\">\n\t\t\t<div class=\"elementor-widget-wrap elementor-element-populated\">\n\t\t\t\t\t\t<div class=\"elementor-element elementor-element-170757e elementor-widget elementor-widget-image\" data-id=\"170757e\" data-element_type=\"widget\" data-widget_type=\"image.default\">\n\t\t\t\t<div class=\"elementor-widget-container\">\n\t\t\t\t\t\t\t\t\t\t\t\t\t<img fetchpriority=\"high\" decoding=\"async\" width=\"308\" height=\"240\" src=\"https:\/\/parmatam.com\/wp-content\/uploads\/2023\/04\/schets-droogkamer-ned-1.jpeg\" class=\"attachment-large size-large wp-image-6703\" alt=\"\" srcset=\"https:\/\/parmatam.com\/wp-content\/uploads\/2023\/04\/schets-droogkamer-ned-1.jpeg 308w, https:\/\/parmatam.com\/wp-content\/uploads\/2023\/04\/schets-droogkamer-ned-1-300x234.jpeg 300w\" sizes=\"(max-width: 308px) 100vw, 308px\" \/>\t\t\t\t\t\t\t\t\t\t\t\t\t<\/div>\n\t\t\t\t<\/div>\n\t\t\t\t<div class=\"elementor-element elementor-element-8acafce elementor-widget elementor-widget-iheading\" data-id=\"8acafce\" data-element_type=\"widget\" data-widget_type=\"iheading.default\">\n\t\t\t\t<div class=\"elementor-widget-container\">\n\t\t\t\t\t<div class=\"ot-heading center-align\">\r\n\t\t\t\r\n\t\t\t\t\r\n\r\n\t         \r\n\r\n\t        \t        \t<h2 class=\"main-heading\">Comment proc\u00e9dons-nous ?<\/h2>\r\n\t        \t    <\/div>\r\n\t    \t\t<\/div>\n\t\t\t\t<\/div>\n\t\t\t\t<div class=\"elementor-element elementor-element-b5afbaa elementor-widget elementor-widget-text-editor\" data-id=\"b5afbaa\" data-element_type=\"widget\" data-widget_type=\"text-editor.default\">\n\t\t\t\t<div class=\"elementor-widget-container\">\n\t\t\t\t\t\t\t<p><span style=\"font-weight: 400;\">Nous expliquons ci-dessous les diff\u00e9rentes <\/span><b>\u00e9tapes<\/b><span style=\"font-weight: 400;\"> du processus de s\u00e9chage :<\/span><\/p>\n\t\t\t\t\t\t<\/div>\n\t\t\t\t<\/div>\n\t\t\t\t<section class=\"elementor-section elementor-inner-section elementor-element elementor-element-90dd0bf elementor-section-full_width elementor-section-height-default elementor-section-height-default\" data-id=\"90dd0bf\" data-element_type=\"section\">\n\t\t\t\t\t\t<div class=\"elementor-container elementor-column-gap-extended\">\n\t\t\t\t\t<div class=\"elementor-column elementor-col-33 elementor-inner-column elementor-element elementor-element-af58716 ot-flex-column-vertical\" data-id=\"af58716\" data-element_type=\"column\">\n\t\t\t<div class=\"elementor-widget-wrap elementor-element-populated\">\n\t\t\t\t\t\t<div class=\"elementor-element elementor-element-839b677 elementor-widget elementor-widget-iprocessbox\" data-id=\"839b677\" data-element_type=\"widget\" data-settings=\"{&quot;_animation&quot;:&quot;none&quot;}\" data-widget_type=\"iprocessbox.default\">\n\t\t\t\t<div class=\"elementor-widget-container\">\n\t\t\t\r\n\t\t<div class=\"process-box\">\r\n\t\t\t<img decoding=\"async\" class=\"p-arrow\" src=\"https:\/\/parmatam.com\/wp-content\/uploads\/2021\/09\/p-arrow2-1.png\" alt=\"arrow\">\t\t\t<div class=\"number-box\">\r\n\t\t        01\t        <\/div>\r\n\t        <div class=\"icon-main\">\r\n\t\t        \t\t\t    <img decoding=\"async\" src=\"https:\/\/parmatam.com\/wp-content\/uploads\/2021\/09\/lucht_Tekengebied-1.png\" title=\"lucht_Tekengebied 1\" alt=\"lucht_Tekengebied 1\" loading=\"lazy\" \/>\t\t        \t        <\/div>\r\n\t        <div class=\"content-box\">\r\n\t            <h5 class=\"process-box-title\">Ventilateur<\/h5>\r\n\t            <p>Un <strong>ventilateur<\/strong> aspire l'air de la pi\u00e8ce \u00e0 s\u00e9cher et l'achemine vers un <strong>\u00e9vaporateur.<\/strong> Celui-ci refroidit l'air sec en dessous du <strong>point de ros\u00e9e<\/strong>, s\u00e9parant ainsi l'eau de l'air sec. La <strong>condensation<\/strong> se produit alors et l'eau s\u00e9par\u00e9e s'\u00e9goutte dans un <strong>r\u00e9cipient.<\/strong>\n<\/p>\r\n\t        <\/div>\r\n\t\t<\/div>\r\n\r\n\t    \t\t<\/div>\n\t\t\t\t<\/div>\n\t\t\t\t\t<\/div>\n\t\t<\/div>\n\t\t\t\t<div class=\"elementor-column elementor-col-33 elementor-inner-column elementor-element elementor-element-a28fb11 ot-flex-column-vertical\" data-id=\"a28fb11\" data-element_type=\"column\">\n\t\t\t<div class=\"elementor-widget-wrap elementor-element-populated\">\n\t\t\t\t\t\t<div class=\"elementor-element elementor-element-3bd1f23 elementor-widget elementor-widget-iprocessbox\" data-id=\"3bd1f23\" data-element_type=\"widget\" data-widget_type=\"iprocessbox.default\">\n\t\t\t\t<div class=\"elementor-widget-container\">\n\t\t\t\r\n\t\t<div class=\"process-box\">\r\n\t\t\t<img decoding=\"async\" class=\"p-arrow\" src=\"https:\/\/parmatam.com\/wp-content\/uploads\/2021\/09\/p-arrow2-1.png\" alt=\"arrow\">\t\t\t<div class=\"number-box\">\r\n\t\t        02\t        <\/div>\r\n\t        <div class=\"icon-main\">\r\n\t\t        \t\t\t    <img decoding=\"async\" src=\"https:\/\/parmatam.com\/wp-content\/uploads\/2021\/09\/de-lucht_Tekengebied-1-1.png\" title=\"de lucht_Tekengebied 1\" alt=\"de lucht_Tekengebied 1\" loading=\"lazy\" \/>\t\t        \t        <\/div>\r\n\t        <div class=\"content-box\">\r\n\t            <h5 class=\"process-box-title\">Condenseur<\/h5>\r\n\t            <p>Un <strong>condenseur<\/strong> capture l'air d\u00e9shumidifi\u00e9, puis le <strong>r\u00e9chauffe<\/strong>, le rendant encore plus chaud que l'air d'admission. L'air sec traverse ensuite des <strong>r\u00e9sistances chauffantes<\/strong> et est r\u00e9chauff\u00e9 si n\u00e9cessaire.\n<\/p>\r\n\t        <\/div>\r\n\t\t<\/div>\r\n\r\n\t    \t\t<\/div>\n\t\t\t\t<\/div>\n\t\t\t\t\t<\/div>\n\t\t<\/div>\n\t\t\t\t<div class=\"elementor-column elementor-col-33 elementor-inner-column elementor-element elementor-element-bc39164 ot-flex-column-vertical\" data-id=\"bc39164\" data-element_type=\"column\">\n\t\t\t<div class=\"elementor-widget-wrap elementor-element-populated\">\n\t\t\t\t\t\t<div class=\"elementor-element elementor-element-2a91815 elementor-widget elementor-widget-iprocessbox\" data-id=\"2a91815\" data-element_type=\"widget\" data-widget_type=\"iprocessbox.default\">\n\t\t\t\t<div class=\"elementor-widget-container\">\n\t\t\t\r\n\t\t<div class=\"process-box\">\r\n\t\t\t\t\t\t<div class=\"number-box\">\r\n\t\t        03\t        <\/div>\r\n\t        <div class=\"icon-main\">\r\n\t\t        \t\t\t    <img decoding=\"async\" src=\"https:\/\/parmatam.com\/wp-content\/uploads\/2021\/09\/de-lucht_Tekengebied-1.png\" title=\"de lucht_Tekengebied 1\" alt=\"de lucht_Tekengebied 1\" loading=\"lazy\" \/>\t\t        \t        <\/div>\r\n\t        <div class=\"content-box\">\r\n\t            <h5 class=\"process-box-title\">l'Air<\/h5>\r\n\t            <p><strong>L'air chaud<\/strong> et sec retourne dans la <strong>chambre de s\u00e9chage<\/strong>. <strong>L'humidit\u00e9 <\/strong> dans la chambre de s\u00e9chage diminue uniform\u00e9ment au fur et \u00e0 mesure que l'air traverse le <strong>d\u00e9shumidificateur<\/strong>.\n<\/p>\r\n\t        <\/div>\r\n\t\t<\/div>\r\n\r\n\t    \t\t<\/div>\n\t\t\t\t<\/div>\n\t\t\t\t\t<\/div>\n\t\t<\/div>\n\t\t\t\t\t<\/div>\n\t\t<\/section>\n\t\t\t\t\t<\/div>\n\t\t<\/div>\n\t\t\t\t\t<\/div>\n\t\t<\/section>\n\t\t\t\t<section class=\"elementor-section elementor-top-section elementor-element elementor-element-9063362 elementor-section-height-min-height elementor-section-boxed elementor-section-height-default elementor-section-items-middle\" data-id=\"9063362\" data-element_type=\"section\" data-settings=\"{&quot;background_background&quot;:&quot;classic&quot;}\">\n\t\t\t\t\t\t\t<div class=\"elementor-background-overlay\"><\/div>\n\t\t\t\t\t\t\t<div class=\"elementor-container elementor-column-gap-default\">\n\t\t\t\t\t<div class=\"elementor-column elementor-col-100 elementor-top-column elementor-element elementor-element-ab0726f ot-flex-column-vertical\" data-id=\"ab0726f\" data-element_type=\"column\">\n\t\t\t<div class=\"elementor-widget-wrap elementor-element-populated\">\n\t\t\t\t\t\t<section class=\"elementor-section elementor-inner-section elementor-element elementor-element-bc6f6d0 elementor-section-boxed elementor-section-height-default elementor-section-height-default\" data-id=\"bc6f6d0\" data-element_type=\"section\">\n\t\t\t\t\t\t<div class=\"elementor-container elementor-column-gap-default\">\n\t\t\t\t\t<div class=\"elementor-column elementor-col-100 elementor-inner-column elementor-element elementor-element-bd3c655 ot-flex-column-vertical\" data-id=\"bd3c655\" data-element_type=\"column\">\n\t\t\t<div class=\"elementor-widget-wrap elementor-element-populated\">\n\t\t\t\t\t\t<div class=\"elementor-element elementor-element-0f73361 elementor-widget elementor-widget-heading\" data-id=\"0f73361\" data-element_type=\"widget\" data-widget_type=\"heading.default\">\n\t\t\t\t<div class=\"elementor-widget-container\">\n\t\t\t<h2 class=\"elementor-heading-title elementor-size-default\">Souhaitez-vous acheter une machine de s\u00e9chage ou faire s\u00e9cher votre bois ?<\/h2>\t\t<\/div>\n\t\t\t\t<\/div>\n\t\t\t\t<div class=\"elementor-element elementor-element-8e9fac7 elementor-widget elementor-widget-heading\" data-id=\"8e9fac7\" data-element_type=\"widget\" data-widget_type=\"heading.default\">\n\t\t\t\t<div class=\"elementor-widget-container\">\n\t\t\t<h1 class=\"elementor-heading-title elementor-size-default\">Demandez une offre non contraignante d\u00e8s aujourd'hui !<\/h1>\t\t<\/div>\n\t\t\t\t<\/div>\n\t\t\t\t<div class=\"elementor-element elementor-element-7181dbe elementor-align-center elementor-widget elementor-widget-ibutton\" data-id=\"7181dbe\" data-element_type=\"widget\" data-widget_type=\"ibutton.default\">\n\t\t\t\t<div class=\"elementor-widget-container\">\n\t\t\t\t\t<div class=\"ot-button\">\r\n\t\t\t<a href=\"\/contact\/\" class=\"octf-btn octf-btn-primary octf-btn-icon\"><span>Je voudrais une offre <i class=\"flaticon-right-arrow-1\"><\/i><\/span> \r\n\t\t\t\t\t\t\t<\/a>\r\n\t    <\/div>\r\n\t    \t\t<\/div>\n\t\t\t\t<\/div>\n\t\t\t\t\t<\/div>\n\t\t<\/div>\n\t\t\t\t\t<\/div>\n\t\t<\/section>\n\t\t\t\t\t<\/div>\n\t\t<\/div>\n\t\t\t\t\t<\/div>\n\t\t<\/section>\n\t\t\t\t<\/div>\n\t\t","protected":false},"excerpt":{"rendered":"<p>Principe de fonctionnement \u00c9conomies d&rsquo;\u00e9nergie &#038; efficacit\u00e9 Lorsque le bois ou une culture est r\u00e9colt\u00e9, il contient beaucoup d&rsquo;humidit\u00e9. Dans ce dernier cas, pensez aux prunes, aux piments, aux poivrons ou aux tomates. Le s\u00e9chage naturel par le vent \u00e9tant souvent trop lent, c&rsquo;est pour cela que nous avons d\u00e9velopp\u00e9 un syst\u00e8me de s\u00e9chage efficace [&hellip;]<\/p>\n","protected":false},"author":1,"featured_media":0,"parent":0,"menu_order":0,"comment_status":"closed","ping_status":"closed","template":"elementor_header_footer","meta":{"footnotes":""},"class_list":["post-7737","page","type-page","status-publish","hentry"],"_links":{"self":[{"href":"https:\/\/parmatam.com\/fr\/wp-json\/wp\/v2\/pages\/7737","targetHints":{"allow":["GET"]}}],"collection":[{"href":"https:\/\/parmatam.com\/fr\/wp-json\/wp\/v2\/pages"}],"about":[{"href":"https:\/\/parmatam.com\/fr\/wp-json\/wp\/v2\/types\/page"}],"author":[{"embeddable":true,"href":"https:\/\/parmatam.com\/fr\/wp-json\/wp\/v2\/users\/1"}],"replies":[{"embeddable":true,"href":"https:\/\/parmatam.com\/fr\/wp-json\/wp\/v2\/comments?post=7737"}],"version-history":[{"count":43,"href":"https:\/\/parmatam.com\/fr\/wp-json\/wp\/v2\/pages\/7737\/revisions"}],"predecessor-version":[{"id":8017,"href":"https:\/\/parmatam.com\/fr\/wp-json\/wp\/v2\/pages\/7737\/revisions\/8017"}],"wp:attachment":[{"href":"https:\/\/parmatam.com\/fr\/wp-json\/wp\/v2\/media?parent=7737"}],"curies":[{"name":"wp","href":"https:\/\/api.w.org\/{rel}","templated":true}]}}